{"id":124,"date":"2024-08-15T13:42:25","date_gmt":"2024-08-15T13:42:25","guid":{"rendered":"https:\/\/integpartner.com\/en\/?page_id=124"},"modified":"2025-02-24T15:35:01","modified_gmt":"2025-02-24T15:35:01","slug":"about-integ-partner","status":"publish","type":"page","link":"https:\/\/integpartner.com\/en\/about-integ-partner\/","title":{"rendered":"About us"},"content":{"rendered":"\n<h2 class=\"wp-block-heading\">40 \u00e5r av utveckling i konsten att leda<\/h2>\n\n\n\n<p><strong>F\u00f6r\u00e4ndringstrycket blir alltj\u00e4mt h\u00f6gre och utmaningarna extremt komplexa. D\u00e5 r\u00e4cker inte traditionella ledningsmodeller till. IntegPartner har under m\u00e5nga \u00e5r tillsammans med framg\u00e5ngsrika organisationer utvecklat en robust infrastruktur f\u00f6r att engagera samtliga chefer och medarbetare till att t\u00e4nka tillsammans och att s\u00e4kerst\u00e4lla en kvalitativ kommunikation \u2013 s\u00e5v\u00e4l mellan medarbetare och chefer, som horisontellt genom v\u00e4rdekedjan.<\/strong><\/p>\n\n\n\n<p>V\u00e5ra partners \u00e4r erfarna ledare som sj\u00e4lva arbetat i ledande positioner, kombinerat med gedigen erfarenhet inom kognitiv vetenskap och strategiskt f\u00f6r\u00e4ndringsarbete. Tillsammans med v\u00e5ra kunder skapar vi en genomf\u00f6randef\u00f6rm\u00e5ga som yttrar sig i h\u00e5llbar f\u00f6r\u00e4ndring och man\u00f6vrerbarhet. Det vill s\u00e4ga s\u00e5v\u00e4l f\u00f6rm\u00e5ga att snabbt st\u00e4lla om n\u00e4r omv\u00e4rlden kr\u00e4ver det, som att etablera st\u00e4ndigt f\u00f6rb\u00e4ttringsarbete i den operativa vardagen i hela organisationen.<\/p>\n\n\n\n<p><\/p>\n\n\n\n<figure class=\"wp-block-image aligncenter size-full is-resized\"><img loading=\"lazy\" decoding=\"async\" width=\"1000\" height=\"884\" src=\"https:\/\/integpartner.com\/en\/wp-content\/uploads\/sites\/2\/2024\/10\/Integ_Partner_40_Years_Gold_Name_RGB.png\" alt=\"\" class=\"wp-image-418\" style=\"width:218px;height:auto\" srcset=\"https:\/\/integpartner.com\/en\/wp-content\/uploads\/sites\/2\/2024\/10\/Integ_Partner_40_Years_Gold_Name_RGB.png 1000w, https:\/\/integpartner.com\/en\/wp-content\/uploads\/sites\/2\/2024\/10\/Integ_Partner_40_Years_Gold_Name_RGB-300x265.png 300w, https:\/\/integpartner.com\/en\/wp-content\/uploads\/sites\/2\/2024\/10\/Integ_Partner_40_Years_Gold_Name_RGB-768x679.png 768w\" sizes=\"auto, (max-width: 1000px) 100vw, 1000px\" \/><\/figure>\n\n\n\n<p><\/p>\n\n\n\n<p>Det r\u00e5der inga tvivel om att vi lever i en volatil omv\u00e4rld med accelererad f\u00f6r\u00e4ndringstakt. Kraven som st\u00e4lls p\u00e5 ledare p\u00e5 alla niv\u00e5er blir alltmer komplexa. Vi beh\u00f6ver anv\u00e4nda hela organisationens kollektiva f\u00f6rm\u00e5ga f\u00f6r att f\u00f6rst\u00e5 dynamiken inom och utom organisationens gr\u00e4nser.<\/p>\n\n\n\n<blockquote class=\"wp-block-quote has-regular-font-size is-layout-flow wp-block-quote-is-layout-flow\">\n<p class=\"has-xxxl-font-size\"><strong>&#8220;Engagera alla inom organisationen p\u00e5 ett systematiskt s\u00e4tt mot en tydlig riktning. D\u00e5 sl\u00e4pper du loss potentialen och f\u00e5r strategin att h\u00e4nda!\u201d<\/strong><\/p>\n<\/blockquote>\n\n\n\n<p>Vi p\u00e5 IntegPartner ger er en verktygsl\u00e5da som g\u00f6r det enkelt och naturligt att kontinuerligt lyfta verksamhetens f\u00f6rm\u00e5ga till nya h\u00f6jder genom att involvera alla i det strategiska arbetet. <\/p>\n\n\n\n<figure class=\"wp-block-image size-full is-resized\"><img loading=\"lazy\" decoding=\"async\" width=\"1011\" height=\"950\" src=\"https:\/\/integpartner.com\/en\/wp-content\/uploads\/sites\/2\/2024\/11\/integral.png\" alt=\"\" class=\"wp-image-974\" style=\"aspect-ratio:1.7777777777777777;object-fit:contain;width:1015px;height:auto\" srcset=\"https:\/\/integpartner.com\/en\/wp-content\/uploads\/sites\/2\/2024\/11\/integral.png 1011w, https:\/\/integpartner.com\/en\/wp-content\/uploads\/sites\/2\/2024\/11\/integral-300x282.png 300w, https:\/\/integpartner.com\/en\/wp-content\/uploads\/sites\/2\/2024\/11\/integral-768x722.png 768w\" sizes=\"auto, (max-width: 1011px) 100vw, 1011px\" \/><\/figure>\n\n\n\n<p>Vi g\u00f6r det genom att etablera en solid struktur f\u00f6r strategisk dialog och en infrastruktur f\u00f6r lagarbete som etablerar tillit, samarbete och dokumenterade resultat som genererar den kraftsamling organisationen beh\u00f6ver.<\/p>\n\n\n\n<p>V\u00e5r metodik bygger ett starkt ledarskap och medarbetarskap d\u00e4r vi utvecklar individens och organisationens strategiska, kulturella och strukturella f\u00f6rm\u00e5ga parallellt. Vi skr\u00e4ddarsyr uppdraget f\u00f6r att m\u00f6ta just din organisations specifika behov, era utmaningar och strategiska m\u00e5l. <\/p>\n\n\n\n<p>Vi g\u00f6r det genom att jobba tillsammans med er i er vardag. Genom coaching, faciliterade m\u00f6ten och seminarier etablerar vi ledst\u00e4nger och nya arbetss\u00e4tt i ledningsgrupp och arbetsgrupper samtidigt som vi jobbar med de absolut viktigaste fr\u00e5gorna.<\/p>\n\n\n\n<p><strong>Vi hj\u00e4lper er att realisera er strategi.<\/strong><\/p>\n","protected":false},"excerpt":{"rendered":"<p>40 \u00e5r av utveckling i konsten att leda F\u00f6r\u00e4ndringstrycket blir alltj\u00e4mt h\u00f6gre och utmaningarna extremt komplexa. D\u00e5 r\u00e4cker inte traditionella [&hellip;]<\/p>\n","protected":false},"author":1,"featured_media":0,"parent":0,"menu_order":0,"comment_status":"closed","ping_status":"closed","template":"","meta":{"_acf_changed":false,"inline_featured_image":false,"footnotes":""},"class_list":["post-124","page","type-page","status-publish","hentry"],"yoast_head":"<!-- This site is optimized with the Yoast SEO plugin v23.5 - https:\/\/yoast.com\/wordpress\/plugins\/seo\/ -->\n<title>About Integ Partner | Your Strategic Advisor<\/title>\n<meta name=\"description\" content=\"We help organizations, large and small, unite their efforts toward tackling their biggest future challenges.\" \/>\n<meta name=\"robots\" content=\"index, follow, max-snippet:-1, max-image-preview:large, max-video-preview:-1\" \/>\n<link rel=\"canonical\" href=\"https:\/\/integpartner.com\/en\/about-integ-partner\/\" \/>\n<meta property=\"og:locale\" content=\"en_US\" \/>\n<meta property=\"og:type\" content=\"article\" \/>\n<meta property=\"og:title\" content=\"About Integ Partner | Your Strategic Advisor\" \/>\n<meta property=\"og:description\" content=\"We help organizations, large and small, unite their efforts toward tackling their biggest future challenges.\" \/>\n<meta property=\"og:url\" content=\"https:\/\/integpartner.com\/en\/about-integ-partner\/\" \/>\n<meta property=\"og:site_name\" content=\"English\" \/>\n<meta property=\"article:modified_time\" content=\"2025-02-24T15:35:01+00:00\" \/>\n<meta property=\"og:image\" content=\"https:\/\/integpartner.com\/en\/wp-content\/uploads\/sites\/2\/2024\/10\/Integ_Partner_40_Years_Gold_Name_RGB.png\" \/>\n<meta name=\"twitter:card\" content=\"summary_large_image\" \/>\n<meta name=\"twitter:label1\" content=\"Est. reading time\" \/>\n\t<meta name=\"twitter:data1\" content=\"2 minutes\" \/>\n<script type=\"application\/ld+json\" class=\"yoast-schema-graph\">{\"@context\":\"https:\/\/schema.org\",\"@graph\":[{\"@type\":\"WebPage\",\"@id\":\"https:\/\/integpartner.com\/en\/about-integ-partner\/\",\"url\":\"https:\/\/integpartner.com\/en\/about-integ-partner\/\",\"name\":\"About Integ Partner | Your Strategic Advisor\",\"isPartOf\":{\"@id\":\"https:\/\/integpartner.com\/en\/#website\"},\"primaryImageOfPage\":{\"@id\":\"https:\/\/integpartner.com\/en\/about-integ-partner\/#primaryimage\"},\"image\":{\"@id\":\"https:\/\/integpartner.com\/en\/about-integ-partner\/#primaryimage\"},\"thumbnailUrl\":\"https:\/\/integpartner.com\/en\/wp-content\/uploads\/sites\/2\/2024\/10\/Integ_Partner_40_Years_Gold_Name_RGB.png\",\"datePublished\":\"2024-08-15T13:42:25+00:00\",\"dateModified\":\"2025-02-24T15:35:01+00:00\",\"description\":\"We help organizations, large and small, unite their efforts toward tackling their biggest future challenges.\",\"breadcrumb\":{\"@id\":\"https:\/\/integpartner.com\/en\/about-integ-partner\/#breadcrumb\"},\"inLanguage\":\"en-US\",\"potentialAction\":[{\"@type\":\"ReadAction\",\"target\":[\"https:\/\/integpartner.com\/en\/about-integ-partner\/\"]}]},{\"@type\":\"ImageObject\",\"inLanguage\":\"en-US\",\"@id\":\"https:\/\/integpartner.com\/en\/about-integ-partner\/#primaryimage\",\"url\":\"https:\/\/integpartner.com\/en\/wp-content\/uploads\/sites\/2\/2024\/10\/Integ_Partner_40_Years_Gold_Name_RGB.png\",\"contentUrl\":\"https:\/\/integpartner.com\/en\/wp-content\/uploads\/sites\/2\/2024\/10\/Integ_Partner_40_Years_Gold_Name_RGB.png\",\"width\":1000,\"height\":884},{\"@type\":\"BreadcrumbList\",\"@id\":\"https:\/\/integpartner.com\/en\/about-integ-partner\/#breadcrumb\",\"itemListElement\":[{\"@type\":\"ListItem\",\"position\":1,\"name\":\"Hem\",\"item\":\"https:\/\/integpartner.com\/en\/\"},{\"@type\":\"ListItem\",\"position\":2,\"name\":\"About us\"}]},{\"@type\":\"WebSite\",\"@id\":\"https:\/\/integpartner.com\/en\/#website\",\"url\":\"https:\/\/integpartner.com\/en\/\",\"name\":\"English\",\"description\":\"\",\"publisher\":{\"@id\":\"https:\/\/integpartner.com\/en\/#organization\"},\"potentialAction\":[{\"@type\":\"SearchAction\",\"target\":{\"@type\":\"EntryPoint\",\"urlTemplate\":\"https:\/\/integpartner.com\/en\/?s={search_term_string}\"},\"query-input\":{\"@type\":\"PropertyValueSpecification\",\"valueRequired\":true,\"valueName\":\"search_term_string\"}}],\"inLanguage\":\"en-US\"},{\"@type\":\"Organization\",\"@id\":\"https:\/\/integpartner.com\/en\/#organization\",\"name\":\"English\",\"url\":\"https:\/\/integpartner.com\/en\/\",\"logo\":{\"@type\":\"ImageObject\",\"inLanguage\":\"en-US\",\"@id\":\"https:\/\/integpartner.com\/en\/#\/schema\/logo\/image\/\",\"url\":\"https:\/\/integpartner.com\/en\/wp-content\/uploads\/sites\/2\/2024\/08\/40arlogotyp.svg\",\"contentUrl\":\"https:\/\/integpartner.com\/en\/wp-content\/uploads\/sites\/2\/2024\/08\/40arlogotyp.svg\",\"width\":228,\"height\":29,\"caption\":\"English\"},\"image\":{\"@id\":\"https:\/\/integpartner.com\/en\/#\/schema\/logo\/image\/\"}}]}<\/script>\n<!-- \/ Yoast SEO plugin. -->","yoast_head_json":{"title":"About Integ Partner | Your Strategic Advisor","description":"We help organizations, large and small, unite their efforts toward tackling their biggest future challenges.","robots":{"index":"index","follow":"follow","max-snippet":"max-snippet:-1","max-image-preview":"max-image-preview:large","max-video-preview":"max-video-preview:-1"},"canonical":"https:\/\/integpartner.com\/en\/about-integ-partner\/","og_locale":"en_US","og_type":"article","og_title":"About Integ Partner | Your Strategic Advisor","og_description":"We help organizations, large and small, unite their efforts toward tackling their biggest future challenges.","og_url":"https:\/\/integpartner.com\/en\/about-integ-partner\/","og_site_name":"English","article_modified_time":"2025-02-24T15:35:01+00:00","og_image":[{"url":"https:\/\/integpartner.com\/en\/wp-content\/uploads\/sites\/2\/2024\/10\/Integ_Partner_40_Years_Gold_Name_RGB.png"}],"twitter_card":"summary_large_image","twitter_misc":{"Est. reading time":"2 minutes"},"schema":{"@context":"https:\/\/schema.org","@graph":[{"@type":"WebPage","@id":"https:\/\/integpartner.com\/en\/about-integ-partner\/","url":"https:\/\/integpartner.com\/en\/about-integ-partner\/","name":"About Integ Partner | Your Strategic Advisor","isPartOf":{"@id":"https:\/\/integpartner.com\/en\/#website"},"primaryImageOfPage":{"@id":"https:\/\/integpartner.com\/en\/about-integ-partner\/#primaryimage"},"image":{"@id":"https:\/\/integpartner.com\/en\/about-integ-partner\/#primaryimage"},"thumbnailUrl":"https:\/\/integpartner.com\/en\/wp-content\/uploads\/sites\/2\/2024\/10\/Integ_Partner_40_Years_Gold_Name_RGB.png","datePublished":"2024-08-15T13:42:25+00:00","dateModified":"2025-02-24T15:35:01+00:00","description":"We help organizations, large and small, unite their efforts toward tackling their biggest future challenges.","breadcrumb":{"@id":"https:\/\/integpartner.com\/en\/about-integ-partner\/#breadcrumb"},"inLanguage":"en-US","potentialAction":[{"@type":"ReadAction","target":["https:\/\/integpartner.com\/en\/about-integ-partner\/"]}]},{"@type":"ImageObject","inLanguage":"en-US","@id":"https:\/\/integpartner.com\/en\/about-integ-partner\/#primaryimage","url":"https:\/\/integpartner.com\/en\/wp-content\/uploads\/sites\/2\/2024\/10\/Integ_Partner_40_Years_Gold_Name_RGB.png","contentUrl":"https:\/\/integpartner.com\/en\/wp-content\/uploads\/sites\/2\/2024\/10\/Integ_Partner_40_Years_Gold_Name_RGB.png","width":1000,"height":884},{"@type":"BreadcrumbList","@id":"https:\/\/integpartner.com\/en\/about-integ-partner\/#breadcrumb","itemListElement":[{"@type":"ListItem","position":1,"name":"Hem","item":"https:\/\/integpartner.com\/en\/"},{"@type":"ListItem","position":2,"name":"About us"}]},{"@type":"WebSite","@id":"https:\/\/integpartner.com\/en\/#website","url":"https:\/\/integpartner.com\/en\/","name":"English","description":"","publisher":{"@id":"https:\/\/integpartner.com\/en\/#organization"},"potentialAction":[{"@type":"SearchAction","target":{"@type":"EntryPoint","urlTemplate":"https:\/\/integpartner.com\/en\/?s={search_term_string}"},"query-input":{"@type":"PropertyValueSpecification","valueRequired":true,"valueName":"search_term_string"}}],"inLanguage":"en-US"},{"@type":"Organization","@id":"https:\/\/integpartner.com\/en\/#organization","name":"English","url":"https:\/\/integpartner.com\/en\/","logo":{"@type":"ImageObject","inLanguage":"en-US","@id":"https:\/\/integpartner.com\/en\/#\/schema\/logo\/image\/","url":"https:\/\/integpartner.com\/en\/wp-content\/uploads\/sites\/2\/2024\/08\/40arlogotyp.svg","contentUrl":"https:\/\/integpartner.com\/en\/wp-content\/uploads\/sites\/2\/2024\/08\/40arlogotyp.svg","width":228,"height":29,"caption":"English"},"image":{"@id":"https:\/\/integpartner.com\/en\/#\/schema\/logo\/image\/"}}]}},"acf":[],"_links":{"self":[{"href":"https:\/\/integpartner.com\/en\/wp-json\/wp\/v2\/pages\/124","targetHints":{"allow":["GET"]}}],"collection":[{"href":"https:\/\/integpartner.com\/en\/wp-json\/wp\/v2\/pages"}],"about":[{"href":"https:\/\/integpartner.com\/en\/wp-json\/wp\/v2\/types\/page"}],"author":[{"embeddable":true,"href":"https:\/\/integpartner.com\/en\/wp-json\/wp\/v2\/users\/1"}],"replies":[{"embeddable":true,"href":"https:\/\/integpartner.com\/en\/wp-json\/wp\/v2\/comments?post=124"}],"version-history":[{"count":76,"href":"https:\/\/integpartner.com\/en\/wp-json\/wp\/v2\/pages\/124\/revisions"}],"predecessor-version":[{"id":1081,"href":"https:\/\/integpartner.com\/en\/wp-json\/wp\/v2\/pages\/124\/revisions\/1081"}],"wp:attachment":[{"href":"https:\/\/integpartner.com\/en\/wp-json\/wp\/v2\/media?parent=124"}],"curies":[{"name":"wp","href":"https:\/\/api.w.org\/{rel}","templated":true}]}}