{"id":305,"date":"2024-09-28T22:46:54","date_gmt":"2024-09-28T22:46:54","guid":{"rendered":"https:\/\/integpartner.com\/en\/?page_id=305"},"modified":"2024-12-03T10:05:36","modified_gmt":"2024-12-03T10:05:36","slug":"strategisk-nulagesanalys","status":"publish","type":"page","link":"https:\/\/integpartner.com\/en\/strategisk-nulagesanalys\/","title":{"rendered":"Strategic Capability Analysis\u00a0"},"content":{"rendered":"\n<p><\/p>\n\n\n\n<h2 class=\"wp-block-heading\">We map your capacity and areas for improvement.&nbsp;<\/h2>\n\n\n\n<p><strong>When aiming for change, it\u2019s important to have complete knowledge of the underlying conditions. In our feasibility study or capability analysis, we focus on your organization\u2019s capacity and capability to address and meet the challenges and opportunities you face.<\/strong>&nbsp;<\/p>\n\n\n\n<p>What capabilities do you need to drive sustainable change? Which areas should you review and develop\u2014both individually and collectively as an organization? Structurally and culturally?<\/p>\n\n\n\n<blockquote class=\"wp-block-quote has-regular-font-size is-layout-flow wp-block-quote-is-layout-flow\">\n<p><strong>\u201dA strategic capability analysis shows your organization\u2019s ability to tackle your key challenges and opportunities\u2014and where the work should start.\u201d<\/strong><\/p>\n<\/blockquote>\n\n\n\n<p>In our capability study, we compare you with well-functioning organizations we\u2019ve worked with for over 40 years. Our experience allows us to understand your unique conditions, needs, and challenges, enabling us to recommend the best priorities and actions for achieving your strategic goals.\u00a0<\/p>\n\n\n\n<p>What is required for a lasting change?&nbsp;<\/p>\n\n\n\n<p>In the strategic capability analysis, we delve deep, examining everything from values and behaviors to whether the desired competencies and infrastructure for decision making and for driving improvement are in place.\u00a0<\/p>\n\n\n\n<figure class=\"wp-block-image size-full\"><img loading=\"lazy\" decoding=\"async\" width=\"1920\" height=\"1080\" src=\"https:\/\/integpartner.com\/en\/wp-content\/uploads\/sites\/2\/2024\/11\/Isberg_EN-light.png\" alt=\"\" class=\"wp-image-1014\" srcset=\"https:\/\/integpartner.com\/en\/wp-content\/uploads\/sites\/2\/2024\/11\/Isberg_EN-light.png 1920w, https:\/\/integpartner.com\/en\/wp-content\/uploads\/sites\/2\/2024\/11\/Isberg_EN-light-300x169.png 300w, https:\/\/integpartner.com\/en\/wp-content\/uploads\/sites\/2\/2024\/11\/Isberg_EN-light-1024x576.png 1024w, https:\/\/integpartner.com\/en\/wp-content\/uploads\/sites\/2\/2024\/11\/Isberg_EN-light-768x432.png 768w, https:\/\/integpartner.com\/en\/wp-content\/uploads\/sites\/2\/2024\/11\/Isberg_EN-light-1536x864.png 1536w\" sizes=\"auto, (max-width: 1920px) 100vw, 1920px\" \/><\/figure>\n\n\n\n<p><strong>Five Steps in Our Strategic Capability Analysis<\/strong>&nbsp;<\/p>\n\n\n\n<p>Here\u2019s what the process and outcomes look like in a capability study conducted by us.\u00a0<\/p>\n\n\n\n<figure class=\"wp-block-image size-full is-resized\"><img loading=\"lazy\" decoding=\"async\" width=\"3504\" height=\"795\" src=\"https:\/\/integpartner.com\/en\/wp-content\/uploads\/sites\/2\/2024\/11\/Flode_EN.png\" alt=\"\" class=\"wp-image-998\" style=\"width:983px;height:auto\" srcset=\"https:\/\/integpartner.com\/en\/wp-content\/uploads\/sites\/2\/2024\/11\/Flode_EN.png 3504w, https:\/\/integpartner.com\/en\/wp-content\/uploads\/sites\/2\/2024\/11\/Flode_EN-300x68.png 300w, https:\/\/integpartner.com\/en\/wp-content\/uploads\/sites\/2\/2024\/11\/Flode_EN-1024x232.png 1024w, https:\/\/integpartner.com\/en\/wp-content\/uploads\/sites\/2\/2024\/11\/Flode_EN-768x174.png 768w, https:\/\/integpartner.com\/en\/wp-content\/uploads\/sites\/2\/2024\/11\/Flode_EN-1536x348.png 1536w, https:\/\/integpartner.com\/en\/wp-content\/uploads\/sites\/2\/2024\/11\/Flode_EN-2048x465.png 2048w\" sizes=\"auto, (max-width: 3504px) 100vw, 3504px\" \/><\/figure>\n\n\n\n<p><strong>The Result of a Strategic Capability Analysis<\/strong>&nbsp;<\/p>\n\n\n\n<p>We create a map of your current capabilities and the development areas in your organization to ensure success in realizing your strategy. You gain the opportunity to compare yourself with and get inspiration from other relevant companies and industries.&nbsp;<\/p>\n\n\n\n<p>We facilitate a workshop with the management team, where engaging and constructive dialogue brings alignment on your prioritized areas for improvement.&nbsp;<\/p>\n\n\n\n<p>Do you want to map your organization with a strategic capability analysis? Please contact us!\u00a0<\/p>\n\n\n\n<p><\/p>\n\n\n\n<div class=\"wp-block-buttons is-layout-flex wp-block-buttons-is-layout-flex\">\n<div class=\"wp-block-button\"><a class=\"wp-block-button__link wp-element-button\" href=\"https:\/\/integpartner.com\/en\/contact\/\">Contact us<\/a><\/div>\n<\/div>\n\n\n\n<p><\/p>\n","protected":false},"excerpt":{"rendered":"<p>We map your capacity and areas for improvement.&nbsp; When aiming for change, it\u2019s important to have complete knowledge of the [&hellip;]<\/p>\n","protected":false},"author":1,"featured_media":0,"parent":0,"menu_order":0,"comment_status":"closed","ping_status":"closed","template":"","meta":{"_acf_changed":false,"inline_featured_image":false,"footnotes":""},"class_list":["post-305","page","type-page","status-publish","hentry"],"yoast_head":"<!-- This site is optimized with the Yoast SEO plugin v23.5 - https:\/\/yoast.com\/wordpress\/plugins\/seo\/ -->\n<title>Strategisk f\u00f6rm\u00e5geanalys - Integ Partner | Identifiera M\u00f6jligheter<\/title>\n<meta name=\"description\" content=\"V\u00e5ra analyser hj\u00e4lper dig att f\u00f6rst\u00e5 var din organisation st\u00e5r idag och vilka m\u00f6jligheter som finns f\u00f6r att driva framg\u00e5ngsrik f\u00f6r\u00e4ndring.\" \/>\n<meta name=\"robots\" content=\"index, follow, max-snippet:-1, max-image-preview:large, max-video-preview:-1\" \/>\n<link rel=\"canonical\" href=\"https:\/\/integpartner.com\/en\/strategisk-nulagesanalys\/\" \/>\n<meta property=\"og:locale\" content=\"en_US\" \/>\n<meta property=\"og:type\" content=\"article\" \/>\n<meta property=\"og:title\" content=\"Strategisk f\u00f6rm\u00e5geanalys - Integ Partner | Identifiera M\u00f6jligheter\" \/>\n<meta property=\"og:description\" content=\"V\u00e5ra analyser hj\u00e4lper dig att f\u00f6rst\u00e5 var din organisation st\u00e5r idag och vilka m\u00f6jligheter som finns f\u00f6r att driva framg\u00e5ngsrik f\u00f6r\u00e4ndring.\" \/>\n<meta property=\"og:url\" content=\"https:\/\/integpartner.com\/en\/strategisk-nulagesanalys\/\" \/>\n<meta property=\"og:site_name\" content=\"English\" \/>\n<meta property=\"article:modified_time\" content=\"2024-12-03T10:05:36+00:00\" \/>\n<meta property=\"og:image\" content=\"https:\/\/integpartner.com\/en\/wp-content\/uploads\/sites\/2\/2024\/11\/Isberg_EN-light.png\" \/>\n<meta name=\"twitter:card\" content=\"summary_large_image\" \/>\n<meta name=\"twitter:label1\" content=\"Est. reading time\" \/>\n\t<meta name=\"twitter:data1\" content=\"2 minutes\" \/>\n<script type=\"application\/ld+json\" class=\"yoast-schema-graph\">{\"@context\":\"https:\/\/schema.org\",\"@graph\":[{\"@type\":\"WebPage\",\"@id\":\"https:\/\/integpartner.com\/en\/strategisk-nulagesanalys\/\",\"url\":\"https:\/\/integpartner.com\/en\/strategisk-nulagesanalys\/\",\"name\":\"Strategisk f\u00f6rm\u00e5geanalys - Integ Partner | Identifiera M\u00f6jligheter\",\"isPartOf\":{\"@id\":\"https:\/\/integpartner.com\/en\/#website\"},\"primaryImageOfPage\":{\"@id\":\"https:\/\/integpartner.com\/en\/strategisk-nulagesanalys\/#primaryimage\"},\"image\":{\"@id\":\"https:\/\/integpartner.com\/en\/strategisk-nulagesanalys\/#primaryimage\"},\"thumbnailUrl\":\"https:\/\/integpartner.com\/en\/wp-content\/uploads\/sites\/2\/2024\/11\/Isberg_EN-light.png\",\"datePublished\":\"2024-09-28T22:46:54+00:00\",\"dateModified\":\"2024-12-03T10:05:36+00:00\",\"description\":\"V\u00e5ra analyser hj\u00e4lper dig att f\u00f6rst\u00e5 var din organisation st\u00e5r idag och vilka m\u00f6jligheter som finns f\u00f6r att driva framg\u00e5ngsrik f\u00f6r\u00e4ndring.\",\"breadcrumb\":{\"@id\":\"https:\/\/integpartner.com\/en\/strategisk-nulagesanalys\/#breadcrumb\"},\"inLanguage\":\"en-US\",\"potentialAction\":[{\"@type\":\"ReadAction\",\"target\":[\"https:\/\/integpartner.com\/en\/strategisk-nulagesanalys\/\"]}]},{\"@type\":\"ImageObject\",\"inLanguage\":\"en-US\",\"@id\":\"https:\/\/integpartner.com\/en\/strategisk-nulagesanalys\/#primaryimage\",\"url\":\"https:\/\/integpartner.com\/en\/wp-content\/uploads\/sites\/2\/2024\/11\/Isberg_EN-light.png\",\"contentUrl\":\"https:\/\/integpartner.com\/en\/wp-content\/uploads\/sites\/2\/2024\/11\/Isberg_EN-light.png\",\"width\":1920,\"height\":1080},{\"@type\":\"BreadcrumbList\",\"@id\":\"https:\/\/integpartner.com\/en\/strategisk-nulagesanalys\/#breadcrumb\",\"itemListElement\":[{\"@type\":\"ListItem\",\"position\":1,\"name\":\"Hem\",\"item\":\"https:\/\/integpartner.com\/en\/\"},{\"@type\":\"ListItem\",\"position\":2,\"name\":\"Strategic Capability Analysis\u00a0\"}]},{\"@type\":\"WebSite\",\"@id\":\"https:\/\/integpartner.com\/en\/#website\",\"url\":\"https:\/\/integpartner.com\/en\/\",\"name\":\"English\",\"description\":\"\",\"publisher\":{\"@id\":\"https:\/\/integpartner.com\/en\/#organization\"},\"potentialAction\":[{\"@type\":\"SearchAction\",\"target\":{\"@type\":\"EntryPoint\",\"urlTemplate\":\"https:\/\/integpartner.com\/en\/?s={search_term_string}\"},\"query-input\":{\"@type\":\"PropertyValueSpecification\",\"valueRequired\":true,\"valueName\":\"search_term_string\"}}],\"inLanguage\":\"en-US\"},{\"@type\":\"Organization\",\"@id\":\"https:\/\/integpartner.com\/en\/#organization\",\"name\":\"English\",\"url\":\"https:\/\/integpartner.com\/en\/\",\"logo\":{\"@type\":\"ImageObject\",\"inLanguage\":\"en-US\",\"@id\":\"https:\/\/integpartner.com\/en\/#\/schema\/logo\/image\/\",\"url\":\"https:\/\/integpartner.com\/en\/wp-content\/uploads\/sites\/2\/2024\/08\/40arlogotyp.svg\",\"contentUrl\":\"https:\/\/integpartner.com\/en\/wp-content\/uploads\/sites\/2\/2024\/08\/40arlogotyp.svg\",\"width\":228,\"height\":29,\"caption\":\"English\"},\"image\":{\"@id\":\"https:\/\/integpartner.com\/en\/#\/schema\/logo\/image\/\"}}]}<\/script>\n<!-- \/ Yoast SEO plugin. -->","yoast_head_json":{"title":"Strategisk f\u00f6rm\u00e5geanalys - Integ Partner | Identifiera M\u00f6jligheter","description":"V\u00e5ra analyser hj\u00e4lper dig att f\u00f6rst\u00e5 var din organisation st\u00e5r idag och vilka m\u00f6jligheter som finns f\u00f6r att driva framg\u00e5ngsrik f\u00f6r\u00e4ndring.","robots":{"index":"index","follow":"follow","max-snippet":"max-snippet:-1","max-image-preview":"max-image-preview:large","max-video-preview":"max-video-preview:-1"},"canonical":"https:\/\/integpartner.com\/en\/strategisk-nulagesanalys\/","og_locale":"en_US","og_type":"article","og_title":"Strategisk f\u00f6rm\u00e5geanalys - Integ Partner | Identifiera M\u00f6jligheter","og_description":"V\u00e5ra analyser hj\u00e4lper dig att f\u00f6rst\u00e5 var din organisation st\u00e5r idag och vilka m\u00f6jligheter som finns f\u00f6r att driva framg\u00e5ngsrik f\u00f6r\u00e4ndring.","og_url":"https:\/\/integpartner.com\/en\/strategisk-nulagesanalys\/","og_site_name":"English","article_modified_time":"2024-12-03T10:05:36+00:00","og_image":[{"url":"https:\/\/integpartner.com\/en\/wp-content\/uploads\/sites\/2\/2024\/11\/Isberg_EN-light.png"}],"twitter_card":"summary_large_image","twitter_misc":{"Est. reading time":"2 minutes"},"schema":{"@context":"https:\/\/schema.org","@graph":[{"@type":"WebPage","@id":"https:\/\/integpartner.com\/en\/strategisk-nulagesanalys\/","url":"https:\/\/integpartner.com\/en\/strategisk-nulagesanalys\/","name":"Strategisk f\u00f6rm\u00e5geanalys - Integ Partner | Identifiera M\u00f6jligheter","isPartOf":{"@id":"https:\/\/integpartner.com\/en\/#website"},"primaryImageOfPage":{"@id":"https:\/\/integpartner.com\/en\/strategisk-nulagesanalys\/#primaryimage"},"image":{"@id":"https:\/\/integpartner.com\/en\/strategisk-nulagesanalys\/#primaryimage"},"thumbnailUrl":"https:\/\/integpartner.com\/en\/wp-content\/uploads\/sites\/2\/2024\/11\/Isberg_EN-light.png","datePublished":"2024-09-28T22:46:54+00:00","dateModified":"2024-12-03T10:05:36+00:00","description":"V\u00e5ra analyser hj\u00e4lper dig att f\u00f6rst\u00e5 var din organisation st\u00e5r idag och vilka m\u00f6jligheter som finns f\u00f6r att driva framg\u00e5ngsrik f\u00f6r\u00e4ndring.","breadcrumb":{"@id":"https:\/\/integpartner.com\/en\/strategisk-nulagesanalys\/#breadcrumb"},"inLanguage":"en-US","potentialAction":[{"@type":"ReadAction","target":["https:\/\/integpartner.com\/en\/strategisk-nulagesanalys\/"]}]},{"@type":"ImageObject","inLanguage":"en-US","@id":"https:\/\/integpartner.com\/en\/strategisk-nulagesanalys\/#primaryimage","url":"https:\/\/integpartner.com\/en\/wp-content\/uploads\/sites\/2\/2024\/11\/Isberg_EN-light.png","contentUrl":"https:\/\/integpartner.com\/en\/wp-content\/uploads\/sites\/2\/2024\/11\/Isberg_EN-light.png","width":1920,"height":1080},{"@type":"BreadcrumbList","@id":"https:\/\/integpartner.com\/en\/strategisk-nulagesanalys\/#breadcrumb","itemListElement":[{"@type":"ListItem","position":1,"name":"Hem","item":"https:\/\/integpartner.com\/en\/"},{"@type":"ListItem","position":2,"name":"Strategic Capability Analysis\u00a0"}]},{"@type":"WebSite","@id":"https:\/\/integpartner.com\/en\/#website","url":"https:\/\/integpartner.com\/en\/","name":"English","description":"","publisher":{"@id":"https:\/\/integpartner.com\/en\/#organization"},"potentialAction":[{"@type":"SearchAction","target":{"@type":"EntryPoint","urlTemplate":"https:\/\/integpartner.com\/en\/?s={search_term_string}"},"query-input":{"@type":"PropertyValueSpecification","valueRequired":true,"valueName":"search_term_string"}}],"inLanguage":"en-US"},{"@type":"Organization","@id":"https:\/\/integpartner.com\/en\/#organization","name":"English","url":"https:\/\/integpartner.com\/en\/","logo":{"@type":"ImageObject","inLanguage":"en-US","@id":"https:\/\/integpartner.com\/en\/#\/schema\/logo\/image\/","url":"https:\/\/integpartner.com\/en\/wp-content\/uploads\/sites\/2\/2024\/08\/40arlogotyp.svg","contentUrl":"https:\/\/integpartner.com\/en\/wp-content\/uploads\/sites\/2\/2024\/08\/40arlogotyp.svg","width":228,"height":29,"caption":"English"},"image":{"@id":"https:\/\/integpartner.com\/en\/#\/schema\/logo\/image\/"}}]}},"acf":[],"_links":{"self":[{"href":"https:\/\/integpartner.com\/en\/wp-json\/wp\/v2\/pages\/305","targetHints":{"allow":["GET"]}}],"collection":[{"href":"https:\/\/integpartner.com\/en\/wp-json\/wp\/v2\/pages"}],"about":[{"href":"https:\/\/integpartner.com\/en\/wp-json\/wp\/v2\/types\/page"}],"author":[{"embeddable":true,"href":"https:\/\/integpartner.com\/en\/wp-json\/wp\/v2\/users\/1"}],"replies":[{"embeddable":true,"href":"https:\/\/integpartner.com\/en\/wp-json\/wp\/v2\/comments?post=305"}],"version-history":[{"count":26,"href":"https:\/\/integpartner.com\/en\/wp-json\/wp\/v2\/pages\/305\/revisions"}],"predecessor-version":[{"id":1046,"href":"https:\/\/integpartner.com\/en\/wp-json\/wp\/v2\/pages\/305\/revisions\/1046"}],"wp:attachment":[{"href":"https:\/\/integpartner.com\/en\/wp-json\/wp\/v2\/media?parent=305"}],"curies":[{"name":"wp","href":"https:\/\/api.w.org\/{rel}","templated":true}]}}