{"id":69,"date":"2024-08-12T07:53:33","date_gmt":"2024-08-12T07:53:33","guid":{"rendered":"https:\/\/integpartner.com\/en\/?page_id=69"},"modified":"2024-12-03T10:11:15","modified_gmt":"2024-12-03T10:11:15","slug":"strategiforverkligande","status":"publish","type":"page","link":"https:\/\/integpartner.com\/en\/strategiforverkligande\/","title":{"rendered":"Strategy Realization"},"content":{"rendered":"\n<h2 class=\"wp-block-heading\"><strong>How we realize strategies and achieve long-term goals<\/strong><\/h2>\n\n\n\n<p>Our clients\u2019 results are clear \u2013 we succeed in the transformation tasks we undertake. We build an organization\u2019s capacity to execute, which in turn realizes strategies in a sustainable way. Both during and after our assignments, our clients demonstrate visible and measurable improvements in line with their strategic goals. Collaboration, trust, and satisfaction grow alongside greater efficiency in goal management at all levels.&nbsp;<\/p>\n\n\n\n<p><\/p>\n\n\n\n<blockquote class=\"wp-block-quote is-layout-flow wp-block-quote-is-layout-flow\">\n<p>&#8220;A central part of delivery is that everyone in the organization operates in a manageable way \u2013 from senior leadership to all employees and across the entire workflow.\u201d&nbsp;<\/p>\n<\/blockquote>\n\n\n\n<p><strong>Everyone is involved to contribute to Long-Term goals<\/strong>\u00a0<\/p>\n\n\n\n<p>The delivery transforms the organization, creating cohesive and committed leaders who engage and motivate others. Everyone directly contributes to long-term goals, with collaboration happening in entirely new and effective ways, where learning is natural and continuous across the organization.&nbsp;<\/p>\n\n\n\n<p>A core part of the delivery is enabling everyone to work in a manageable way \u2013 from top leadership to all employees. Everyone is involved. Leadership leads by example, continuously modeling the approach for the rest of the organization.&nbsp;<\/p>\n\n\n\n<p>We create organizational capacity for execution, enabling the realization of new strategies in a sustainable way.&nbsp;<\/p>\n\n\n\n<p>The Strategy Realization service unites the entire organization towards critical goals, engaging everyone to ensure the strategy becomes reality.&nbsp;<\/p>\n\n\n\n<p>It is implemented in several modules, each part of a cohesive whole. Modules can be delivered independently or as part of a development program for the entire or parts of the organization. Each module aims to gradually enhance collective strategic, operational, and cultural capability.&nbsp;<\/p>\n\n\n\n<p><\/p>\n\n\n\n<figure class=\"wp-block-image alignwide size-large\"><img loading=\"lazy\" decoding=\"async\" width=\"1024\" height=\"559\" src=\"https:\/\/integpartner.com\/en\/wp-content\/uploads\/sites\/2\/2024\/11\/Strategimotor-EN-1024x559.png\" alt=\"\" class=\"wp-image-1002\" srcset=\"https:\/\/integpartner.com\/en\/wp-content\/uploads\/sites\/2\/2024\/11\/Strategimotor-EN-1024x559.png 1024w, https:\/\/integpartner.com\/en\/wp-content\/uploads\/sites\/2\/2024\/11\/Strategimotor-EN-300x164.png 300w, https:\/\/integpartner.com\/en\/wp-content\/uploads\/sites\/2\/2024\/11\/Strategimotor-EN-768x419.png 768w, https:\/\/integpartner.com\/en\/wp-content\/uploads\/sites\/2\/2024\/11\/Strategimotor-EN-1536x839.png 1536w, https:\/\/integpartner.com\/en\/wp-content\/uploads\/sites\/2\/2024\/11\/Strategimotor-EN-2048x1118.png 2048w\" sizes=\"auto, (max-width: 1024px) 100vw, 1024px\" \/><\/figure>\n\n\n\n<p><\/p>\n\n\n\n<h3 class=\"wp-block-heading\"><strong>Project and delivery description<\/strong>\u00a0<\/h3>\n\n\n\n<p>How might a project and delivery description look in detail? <a href=\"https:\/\/integpartner.com\/en\/strategiforverkligande-uppdrags-ochleveransbeskrivning\/\">Here you can explore our complete process description of our modules<\/a> for strategy realization.\u00a0<\/p>\n\n\n\n<p><\/p>\n\n\n\n<div class=\"wp-block-buttons is-layout-flex wp-block-buttons-is-layout-flex\">\n<div class=\"wp-block-button\"><a class=\"wp-block-button__link wp-element-button\" href=\"https:\/\/integpartner.com\/en\/strategiforverkligande-uppdrags-ochleveransbeskrivning\/\">Read more<\/a><\/div>\n<\/div>\n\n\n\n<p><\/p>\n","protected":false},"excerpt":{"rendered":"<p>How we realize strategies and achieve long-term goals Our clients\u2019 results are clear \u2013 we succeed in the transformation tasks [&hellip;]<\/p>\n","protected":false},"author":1,"featured_media":0,"parent":0,"menu_order":0,"comment_status":"closed","ping_status":"closed","template":"","meta":{"_acf_changed":false,"inline_featured_image":false,"footnotes":""},"class_list":["post-69","page","type-page","status-publish","hentry"],"yoast_head":"<!-- This site is optimized with the Yoast SEO plugin v23.5 - https:\/\/yoast.com\/wordpress\/plugins\/seo\/ -->\n<title>Strategif\u00f6rverkligande - Integ Partner | F\u00f6r\u00e4ndring med Resultat<\/title>\n<meta name=\"description\" content=\"Integ Partner hj\u00e4lper din organisation att omvandla strategi till konkreta handlingar och h\u00e5llbara resultat genom strategif\u00f6rverkligande.\" \/>\n<meta name=\"robots\" content=\"index, follow, max-snippet:-1, max-image-preview:large, max-video-preview:-1\" \/>\n<link rel=\"canonical\" href=\"https:\/\/integpartner.com\/en\/strategiforverkligande\/\" \/>\n<meta property=\"og:locale\" content=\"en_US\" \/>\n<meta property=\"og:type\" content=\"article\" \/>\n<meta property=\"og:title\" content=\"Strategif\u00f6rverkligande - Integ Partner | F\u00f6r\u00e4ndring med Resultat\" \/>\n<meta property=\"og:description\" content=\"Integ Partner hj\u00e4lper din organisation att omvandla strategi till konkreta handlingar och h\u00e5llbara resultat genom strategif\u00f6rverkligande.\" \/>\n<meta property=\"og:url\" content=\"https:\/\/integpartner.com\/en\/strategiforverkligande\/\" \/>\n<meta property=\"og:site_name\" content=\"English\" \/>\n<meta property=\"article:modified_time\" content=\"2024-12-03T10:11:15+00:00\" \/>\n<meta property=\"og:image\" content=\"https:\/\/integpartner.com\/en\/wp-content\/uploads\/sites\/2\/2024\/11\/Strategimotor-EN-1024x559.png\" \/>\n<meta name=\"twitter:card\" content=\"summary_large_image\" \/>\n<meta name=\"twitter:label1\" content=\"Est. reading time\" \/>\n\t<meta name=\"twitter:data1\" content=\"2 minutes\" \/>\n<script type=\"application\/ld+json\" class=\"yoast-schema-graph\">{\"@context\":\"https:\/\/schema.org\",\"@graph\":[{\"@type\":\"WebPage\",\"@id\":\"https:\/\/integpartner.com\/en\/strategiforverkligande\/\",\"url\":\"https:\/\/integpartner.com\/en\/strategiforverkligande\/\",\"name\":\"Strategif\u00f6rverkligande - Integ Partner | F\u00f6r\u00e4ndring med Resultat\",\"isPartOf\":{\"@id\":\"https:\/\/integpartner.com\/en\/#website\"},\"primaryImageOfPage\":{\"@id\":\"https:\/\/integpartner.com\/en\/strategiforverkligande\/#primaryimage\"},\"image\":{\"@id\":\"https:\/\/integpartner.com\/en\/strategiforverkligande\/#primaryimage\"},\"thumbnailUrl\":\"https:\/\/integpartner.com\/en\/wp-content\/uploads\/sites\/2\/2024\/11\/Strategimotor-EN-1024x559.png\",\"datePublished\":\"2024-08-12T07:53:33+00:00\",\"dateModified\":\"2024-12-03T10:11:15+00:00\",\"description\":\"Integ Partner hj\u00e4lper din organisation att omvandla strategi till konkreta handlingar och h\u00e5llbara resultat genom strategif\u00f6rverkligande.\",\"breadcrumb\":{\"@id\":\"https:\/\/integpartner.com\/en\/strategiforverkligande\/#breadcrumb\"},\"inLanguage\":\"en-US\",\"potentialAction\":[{\"@type\":\"ReadAction\",\"target\":[\"https:\/\/integpartner.com\/en\/strategiforverkligande\/\"]}]},{\"@type\":\"ImageObject\",\"inLanguage\":\"en-US\",\"@id\":\"https:\/\/integpartner.com\/en\/strategiforverkligande\/#primaryimage\",\"url\":\"https:\/\/integpartner.com\/en\/wp-content\/uploads\/sites\/2\/2024\/11\/Strategimotor-EN.png\",\"contentUrl\":\"https:\/\/integpartner.com\/en\/wp-content\/uploads\/sites\/2\/2024\/11\/Strategimotor-EN.png\",\"width\":3028,\"height\":1653},{\"@type\":\"BreadcrumbList\",\"@id\":\"https:\/\/integpartner.com\/en\/strategiforverkligande\/#breadcrumb\",\"itemListElement\":[{\"@type\":\"ListItem\",\"position\":1,\"name\":\"Hem\",\"item\":\"https:\/\/integpartner.com\/en\/\"},{\"@type\":\"ListItem\",\"position\":2,\"name\":\"Strategy Realization\"}]},{\"@type\":\"WebSite\",\"@id\":\"https:\/\/integpartner.com\/en\/#website\",\"url\":\"https:\/\/integpartner.com\/en\/\",\"name\":\"English\",\"description\":\"\",\"publisher\":{\"@id\":\"https:\/\/integpartner.com\/en\/#organization\"},\"potentialAction\":[{\"@type\":\"SearchAction\",\"target\":{\"@type\":\"EntryPoint\",\"urlTemplate\":\"https:\/\/integpartner.com\/en\/?s={search_term_string}\"},\"query-input\":{\"@type\":\"PropertyValueSpecification\",\"valueRequired\":true,\"valueName\":\"search_term_string\"}}],\"inLanguage\":\"en-US\"},{\"@type\":\"Organization\",\"@id\":\"https:\/\/integpartner.com\/en\/#organization\",\"name\":\"English\",\"url\":\"https:\/\/integpartner.com\/en\/\",\"logo\":{\"@type\":\"ImageObject\",\"inLanguage\":\"en-US\",\"@id\":\"https:\/\/integpartner.com\/en\/#\/schema\/logo\/image\/\",\"url\":\"https:\/\/integpartner.com\/en\/wp-content\/uploads\/sites\/2\/2024\/08\/40arlogotyp.svg\",\"contentUrl\":\"https:\/\/integpartner.com\/en\/wp-content\/uploads\/sites\/2\/2024\/08\/40arlogotyp.svg\",\"width\":228,\"height\":29,\"caption\":\"English\"},\"image\":{\"@id\":\"https:\/\/integpartner.com\/en\/#\/schema\/logo\/image\/\"}}]}<\/script>\n<!-- \/ Yoast SEO plugin. -->","yoast_head_json":{"title":"Strategif\u00f6rverkligande - Integ Partner | F\u00f6r\u00e4ndring med Resultat","description":"Integ Partner hj\u00e4lper din organisation att omvandla strategi till konkreta handlingar och h\u00e5llbara resultat genom strategif\u00f6rverkligande.","robots":{"index":"index","follow":"follow","max-snippet":"max-snippet:-1","max-image-preview":"max-image-preview:large","max-video-preview":"max-video-preview:-1"},"canonical":"https:\/\/integpartner.com\/en\/strategiforverkligande\/","og_locale":"en_US","og_type":"article","og_title":"Strategif\u00f6rverkligande - Integ Partner | F\u00f6r\u00e4ndring med Resultat","og_description":"Integ Partner hj\u00e4lper din organisation att omvandla strategi till konkreta handlingar och h\u00e5llbara resultat genom strategif\u00f6rverkligande.","og_url":"https:\/\/integpartner.com\/en\/strategiforverkligande\/","og_site_name":"English","article_modified_time":"2024-12-03T10:11:15+00:00","og_image":[{"url":"https:\/\/integpartner.com\/en\/wp-content\/uploads\/sites\/2\/2024\/11\/Strategimotor-EN-1024x559.png"}],"twitter_card":"summary_large_image","twitter_misc":{"Est. reading time":"2 minutes"},"schema":{"@context":"https:\/\/schema.org","@graph":[{"@type":"WebPage","@id":"https:\/\/integpartner.com\/en\/strategiforverkligande\/","url":"https:\/\/integpartner.com\/en\/strategiforverkligande\/","name":"Strategif\u00f6rverkligande - Integ Partner | F\u00f6r\u00e4ndring med Resultat","isPartOf":{"@id":"https:\/\/integpartner.com\/en\/#website"},"primaryImageOfPage":{"@id":"https:\/\/integpartner.com\/en\/strategiforverkligande\/#primaryimage"},"image":{"@id":"https:\/\/integpartner.com\/en\/strategiforverkligande\/#primaryimage"},"thumbnailUrl":"https:\/\/integpartner.com\/en\/wp-content\/uploads\/sites\/2\/2024\/11\/Strategimotor-EN-1024x559.png","datePublished":"2024-08-12T07:53:33+00:00","dateModified":"2024-12-03T10:11:15+00:00","description":"Integ Partner hj\u00e4lper din organisation att omvandla strategi till konkreta handlingar och h\u00e5llbara resultat genom strategif\u00f6rverkligande.","breadcrumb":{"@id":"https:\/\/integpartner.com\/en\/strategiforverkligande\/#breadcrumb"},"inLanguage":"en-US","potentialAction":[{"@type":"ReadAction","target":["https:\/\/integpartner.com\/en\/strategiforverkligande\/"]}]},{"@type":"ImageObject","inLanguage":"en-US","@id":"https:\/\/integpartner.com\/en\/strategiforverkligande\/#primaryimage","url":"https:\/\/integpartner.com\/en\/wp-content\/uploads\/sites\/2\/2024\/11\/Strategimotor-EN.png","contentUrl":"https:\/\/integpartner.com\/en\/wp-content\/uploads\/sites\/2\/2024\/11\/Strategimotor-EN.png","width":3028,"height":1653},{"@type":"BreadcrumbList","@id":"https:\/\/integpartner.com\/en\/strategiforverkligande\/#breadcrumb","itemListElement":[{"@type":"ListItem","position":1,"name":"Hem","item":"https:\/\/integpartner.com\/en\/"},{"@type":"ListItem","position":2,"name":"Strategy Realization"}]},{"@type":"WebSite","@id":"https:\/\/integpartner.com\/en\/#website","url":"https:\/\/integpartner.com\/en\/","name":"English","description":"","publisher":{"@id":"https:\/\/integpartner.com\/en\/#organization"},"potentialAction":[{"@type":"SearchAction","target":{"@type":"EntryPoint","urlTemplate":"https:\/\/integpartner.com\/en\/?s={search_term_string}"},"query-input":{"@type":"PropertyValueSpecification","valueRequired":true,"valueName":"search_term_string"}}],"inLanguage":"en-US"},{"@type":"Organization","@id":"https:\/\/integpartner.com\/en\/#organization","name":"English","url":"https:\/\/integpartner.com\/en\/","logo":{"@type":"ImageObject","inLanguage":"en-US","@id":"https:\/\/integpartner.com\/en\/#\/schema\/logo\/image\/","url":"https:\/\/integpartner.com\/en\/wp-content\/uploads\/sites\/2\/2024\/08\/40arlogotyp.svg","contentUrl":"https:\/\/integpartner.com\/en\/wp-content\/uploads\/sites\/2\/2024\/08\/40arlogotyp.svg","width":228,"height":29,"caption":"English"},"image":{"@id":"https:\/\/integpartner.com\/en\/#\/schema\/logo\/image\/"}}]}},"acf":[],"_links":{"self":[{"href":"https:\/\/integpartner.com\/en\/wp-json\/wp\/v2\/pages\/69","targetHints":{"allow":["GET"]}}],"collection":[{"href":"https:\/\/integpartner.com\/en\/wp-json\/wp\/v2\/pages"}],"about":[{"href":"https:\/\/integpartner.com\/en\/wp-json\/wp\/v2\/types\/page"}],"author":[{"embeddable":true,"href":"https:\/\/integpartner.com\/en\/wp-json\/wp\/v2\/users\/1"}],"replies":[{"embeddable":true,"href":"https:\/\/integpartner.com\/en\/wp-json\/wp\/v2\/comments?post=69"}],"version-history":[{"count":37,"href":"https:\/\/integpartner.com\/en\/wp-json\/wp\/v2\/pages\/69\/revisions"}],"predecessor-version":[{"id":1049,"href":"https:\/\/integpartner.com\/en\/wp-json\/wp\/v2\/pages\/69\/revisions\/1049"}],"wp:attachment":[{"href":"https:\/\/integpartner.com\/en\/wp-json\/wp\/v2\/media?parent=69"}],"curies":[{"name":"wp","href":"https:\/\/api.w.org\/{rel}","templated":true}]}}